{"id":60,"date":"2020-11-05T19:13:41","date_gmt":"2020-11-05T16:13:41","guid":{"rendered":"https:\/\/comparativeliterature.bscc.duth.gr\/?page_id=60"},"modified":"2023-04-15T19:52:56","modified_gmt":"2023-04-15T16:52:56","slug":"%ce%b1%cf%81%cf%87%ce%b9%ce%ba%ce%ae","status":"publish","type":"page","link":"https:\/\/comparativeliterature.bscc.duth.gr\/en\/","title":{"rendered":"Home"},"content":{"rendered":"<div data-elementor-type=\"wp-page\" data-elementor-id=\"60\" class=\"elementor elementor-60\">\n\t\t\t\t\t\t<section class=\"elementor-section elementor-top-section elementor-element elementor-element-ca05265 elementor-section-boxed elementor-section-height-default elementor-section-height-default\" data-id=\"ca05265\" data-element_type=\"section\">\n\t\t\t\t\t\t<div class=\"elementor-container elementor-column-gap-default\">\n\t\t\t\t\t<div class=\"elementor-column elementor-col-100 elementor-top-column elementor-element elementor-element-158e98f\" data-id=\"158e98f\" data-element_type=\"column\">\n\t\t\t<div class=\"elementor-widget-wrap elementor-element-populated\">\n\t\t\t\t\t\t<div class=\"elementor-element elementor-element-53d93d2 elementor-alert-info elementor-widget elementor-widget-alert\" data-id=\"53d93d2\" data-element_type=\"widget\" data-widget_type=\"alert.default\">\n\t\t\t\t<div class=\"elementor-widget-container\">\n\t\t\t\t\t\t\t<div class=\"elementor-alert\" role=\"alert\">\n\n\t\t\t\t\t\t<span class=\"elementor-alert-title\">\u0394\u03b9\u03b5\u03b8\u03bd\u03ad\u03c2 \u03b4\u03b9\u03b1\u03b4\u03b9\u03ba\u03c4\u03c5\u03b1\u03ba\u03cc \u03c3\u03c5\u03bd\u03ad\u03b4\u03c1\u03b9\u03bf \"\u0395\u03c0\u03b9\u03b4\u03b7\u03bc\u03af\u03b1 \u03ba\u03b1\u03b9 \u039b\u03bf\u03b3\u03bf\u03c4\u03b5\u03c7\u03bd\u03af\u03b1 \u03c3\u03c4\u03b9\u03c2 \u03c7\u03ce\u03c1\u03b5\u03c2 \u03c4\u03bf\u03c5 \u0395\u03cd\u03be\u03b5\u03b9\u03bd\u03bf\u03c5 \u03a0\u03cc\u03bd\u03c4\u03bf\u03c5\", \u039a\u03bf\u03bc\u03bf\u03c4\u03b7\u03bd\u03ae, 14-15 \u039f\u03ba\u03c4\u03c9\u03b2\u03c1\u03af\u03bf\u03c5 2022<\/span>\n\t\t\t\n\t\t\t\t\t\t<span class=\"elementor-alert-description\"><a href=\"https:\/\/comparativeliterature.bscc.duth.gr\/en\/%ce%b4%ce%b9%ce%b5%ce%b8%ce%bd%ce%ad%cf%82-%ce%b4%ce%b9%ce%b1%ce%b4%ce%b9%ce%ba%cf%84%cf%85%ce%b1%ce%ba%cf%8c-%cf%83%cf%85%ce%bd%ce%ad%ce%b4%cf%81%ce%b9%ce%bf-%ce%b5%cf%80%ce%b9%ce%b4%ce%b7%ce%bc\/\">\u0394\u03b5\u03af\u03c4\u03b5 \u03c4\u03b9\u03c2 \u03c0\u03b5\u03c1\u03b9\u03bb\u03ae\u03c8\u03b5\u03b9\u03c2 \u03ba\u03b1\u03b9 \u03c4\u03bf \u03c0\u03c1\u03cc\u03b3\u03c1\u03b1\u03bc\u03bc\u03b1.\n <\/a><\/span>\n\t\t\t\n\t\t\t\n\t\t<\/div>\n\t\t\t\t\t\t<\/div>\n\t\t\t\t<\/div>\n\t\t\t\t\t<\/div>\n\t\t<\/div>\n\t\t\t\t\t<\/div>\n\t\t<\/section>\n\t\t\t\t<section class=\"elementor-section elementor-top-section elementor-element elementor-element-ce2b168 elementor-section-full_width elementor-section-height-default elementor-section-height-default\" data-id=\"ce2b168\" data-element_type=\"section\">\n\t\t\t\t\t\t<div class=\"elementor-container elementor-column-gap-default\">\n\t\t\t\t\t<div class=\"elementor-column elementor-col-50 elementor-top-column elementor-element elementor-element-6f78d14\" data-id=\"6f78d14\" data-element_type=\"column\">\n\t\t\t<div class=\"elementor-widget-wrap elementor-element-populated\">\n\t\t\t\t\t\t<div class=\"elementor-element elementor-element-2574e2b elementor-widget elementor-widget-image\" data-id=\"2574e2b\" data-element_type=\"widget\" data-widget_type=\"image.default\">\n\t\t\t\t<div class=\"elementor-widget-container\">\n\t\t\t\t\t\t\t\t\t\t\t\t\t\t\t<img fetchpriority=\"high\" decoding=\"async\" width=\"1024\" height=\"683\" src=\"https:\/\/comparativeliterature.bscc.duth.gr\/wp-content\/uploads\/2020\/11\/books-1655783_1280-1024x683.jpg\" class=\"attachment-large size-large wp-image-193\" alt=\"\" srcset=\"https:\/\/comparativeliterature.bscc.duth.gr\/wp-content\/uploads\/2020\/11\/books-1655783_1280-1024x683.jpg 1024w, https:\/\/comparativeliterature.bscc.duth.gr\/wp-content\/uploads\/2020\/11\/books-1655783_1280-300x200.jpg 300w, https:\/\/comparativeliterature.bscc.duth.gr\/wp-content\/uploads\/2020\/11\/books-1655783_1280-768x512.jpg 768w, https:\/\/comparativeliterature.bscc.duth.gr\/wp-content\/uploads\/2020\/11\/books-1655783_1280.jpg 1280w\" sizes=\"(max-width: 1024px) 100vw, 1024px\" \/>\t\t\t\t\t\t\t\t\t\t\t\t\t\t\t<\/div>\n\t\t\t\t<\/div>\n\t\t\t\t\t<\/div>\n\t\t<\/div>\n\t\t\t\t<div class=\"elementor-column elementor-col-50 elementor-top-column elementor-element elementor-element-f83454b\" data-id=\"f83454b\" data-element_type=\"column\" data-settings=\"{&quot;background_background&quot;:&quot;classic&quot;}\">\n\t\t\t<div class=\"elementor-widget-wrap elementor-element-populated\">\n\t\t\t\t\t\t<div class=\"elementor-element elementor-element-7f8c3da animated-slow elementor-invisible elementor-widget elementor-widget-text-editor\" data-id=\"7f8c3da\" data-element_type=\"widget\" data-settings=\"{&quot;_animation&quot;:&quot;fadeInDown&quot;}\" data-widget_type=\"text-editor.default\">\n\t\t\t\t<div class=\"elementor-widget-container\">\n\t\t\t\t\t\t\t\t\t<div class=\"jn8vp64t l9j0dhe7 hpfvmrgz lzcic4wl\" tabindex=\"0\" role=\"gridcell\" data-scope=\"messages_table\" data-recover=\"true\"><div class=\"ni8dbmo4 stjgntxs g5ia77u1 ii04i59q\" data-testid=\"messenger_incoming_text_row\"><div class=\"l60d2q6s d1544ag0 sj5x9vvc tw6a2znq l9j0dhe7 ni8dbmo4 stjgntxs qlfml3jp inkptoze jk6sbkaj qmr60zad jm1wdb64 qv66sw1b ljqsnud1 g6srhlxm\"><div class=\"oo9gr5id\" dir=\"auto\">\u0441\u0440\u0430\u0432\u043d\u0438\u0442\u0435\u043b\u044c\u043d\u0430\u044f \u043b\u0438\u0442\u0435\u0440\u0430\u0442\u0443\u0440\u0430<\/div><\/div><\/div><\/div>\t\t\t\t\t\t\t\t<\/div>\n\t\t\t\t<\/div>\n\t\t\t\t<div class=\"elementor-element elementor-element-e28eb0a animated-slow elementor-invisible elementor-widget elementor-widget-text-editor\" data-id=\"e28eb0a\" data-element_type=\"widget\" data-settings=\"{&quot;_animation&quot;:&quot;fadeInLeft&quot;}\" data-widget_type=\"text-editor.default\">\n\t\t\t\t<div class=\"elementor-widget-container\">\n\t\t\t\t\t\t\t\t\t<div class=\"jn8vp64t l9j0dhe7 hpfvmrgz lzcic4wl\" tabindex=\"0\" role=\"gridcell\" data-scope=\"messages_table\" data-recover=\"true\"><div class=\"ni8dbmo4 stjgntxs g5ia77u1 ii04i59q\" data-testid=\"messenger_incoming_text_row\"><div class=\"l60d2q6s d1544ag0 sj5x9vvc tw6a2znq l9j0dhe7 ni8dbmo4 stjgntxs qlfml3jp inkptoze jk6sbkaj qttc61fc jm1wdb64 qv66sw1b ljqsnud1 g6srhlxm\"><div class=\"oo9gr5id\" dir=\"auto\">Kar\u015f\u0131la\u015ft\u0131rmal\u0131 Edebiyat<\/div><\/div><\/div><\/div>\t\t\t\t\t\t\t\t<\/div>\n\t\t\t\t<\/div>\n\t\t\t\t<div class=\"elementor-element elementor-element-9b5e923 animated-slow elementor-invisible elementor-widget elementor-widget-text-editor\" data-id=\"9b5e923\" data-element_type=\"widget\" data-settings=\"{&quot;_animation&quot;:&quot;fadeInRight&quot;}\" data-widget_type=\"text-editor.default\">\n\t\t\t\t<div class=\"elementor-widget-container\">\n\t\t\t\t\t\t\t\t\t<div class=\"jn8vp64t l9j0dhe7 hpfvmrgz lzcic4wl\" tabindex=\"0\" role=\"gridcell\" data-scope=\"messages_table\" data-recover=\"true\"><div class=\"ni8dbmo4 stjgntxs g5ia77u1 ii04i59q\" data-testid=\"messenger_incoming_text_row\"><div class=\"l60d2q6s d1544ag0 sj5x9vvc tw6a2znq l9j0dhe7 ni8dbmo4 stjgntxs qlfml3jp inkptoze jk6sbkaj qttc61fc jm1wdb64 qv66sw1b ljqsnud1 g6srhlxm\"><div class=\"oo9gr5id\" dir=\"auto\">\u03a3\u03c5\u03b3\u03ba\u03c1\u03b9\u03c4\u03b9\u03ba\u03ae \u03a6\u03b9\u03bb\u03bf\u03bb\u03bf\u03b3\u03af\u03b1<\/div><\/div><\/div><\/div>\t\t\t\t\t\t\t\t<\/div>\n\t\t\t\t<\/div>\n\t\t\t\t<div class=\"elementor-element elementor-element-53eebbb animated-slow elementor-invisible elementor-widget elementor-widget-text-editor\" data-id=\"53eebbb\" data-element_type=\"widget\" data-settings=\"{&quot;_animation&quot;:&quot;fadeInUp&quot;}\" data-widget_type=\"text-editor.default\">\n\t\t\t\t<div class=\"elementor-widget-container\">\n\t\t\t\t\t\t\t\t\t<div class=\"jn8vp64t l9j0dhe7 hpfvmrgz lzcic4wl\" tabindex=\"0\" role=\"gridcell\" data-scope=\"messages_table\" data-recover=\"true\"><div class=\"ni8dbmo4 stjgntxs g5ia77u1 ii04i59q\" data-testid=\"messenger_incoming_text_row\"><div class=\"l60d2q6s d1544ag0 sj5x9vvc tw6a2znq l9j0dhe7 ni8dbmo4 stjgntxs qlfml3jp inkptoze jk6sbkaj qttc61fc jm1wdb64 qv66sw1b ljqsnud1 g6srhlxm\"><div class=\"oo9gr5id\" dir=\"auto\">\u0441\u0440\u0430\u0432\u043d\u0438\u0442\u0435\u043b\u043d\u0430 \u043b\u0438\u0442\u0435\u0440\u0430\u0442\u0443\u0440\u0430<\/div><\/div><\/div><\/div>\t\t\t\t\t\t\t\t<\/div>\n\t\t\t\t<\/div>\n\t\t\t\t<div class=\"elementor-element elementor-element-2a13b8d animated-slow elementor-invisible elementor-widget elementor-widget-text-editor\" data-id=\"2a13b8d\" data-element_type=\"widget\" data-settings=\"{&quot;_animation&quot;:&quot;fadeIn&quot;}\" data-widget_type=\"text-editor.default\">\n\t\t\t\t<div class=\"elementor-widget-container\">\n\t\t\t\t\t\t\t\t\t<div class=\"jn8vp64t l9j0dhe7 hpfvmrgz lzcic4wl\" tabindex=\"0\" role=\"gridcell\" data-scope=\"messages_table\" data-recover=\"true\"><div class=\"ni8dbmo4 stjgntxs g5ia77u1 ii04i59q\" data-testid=\"messenger_incoming_text_row\"><div class=\"l60d2q6s d1544ag0 sj5x9vvc tw6a2znq l9j0dhe7 ni8dbmo4 stjgntxs qlfml3jp inkptoze jk6sbkaj qttc61fc jm1wdb64 qv66sw1b ljqsnud1 g6srhlxm\"><div class=\"oo9gr5id\" dir=\"auto\">Literatura Comparativa<\/div><\/div><\/div><\/div>\t\t\t\t\t\t\t\t<\/div>\n\t\t\t\t<\/div>\n\t\t\t\t\t<\/div>\n\t\t<\/div>\n\t\t\t\t\t<\/div>\n\t\t<\/section>\n\t\t\t\t<section class=\"elementor-section elementor-top-section elementor-element elementor-element-3f93c46 elementor-section-boxed elementor-section-height-default elementor-section-height-default\" data-id=\"3f93c46\" data-element_type=\"section\">\n\t\t\t\t\t\t<div class=\"elementor-container elementor-column-gap-default\">\n\t\t\t\t\t<div class=\"elementor-column elementor-col-100 elementor-top-column elementor-element elementor-element-491aee6\" data-id=\"491aee6\" data-element_type=\"column\">\n\t\t\t<div class=\"elementor-widget-wrap elementor-element-populated\">\n\t\t\t\t\t\t<div class=\"elementor-element elementor-element-497370f elementor-align-center elementor-widget elementor-widget-button\" data-id=\"497370f\" data-element_type=\"widget\" data-widget_type=\"button.default\">\n\t\t\t\t<div class=\"elementor-widget-container\">\n\t\t\t\t\t\t\t\t\t<div class=\"elementor-button-wrapper\">\n\t\t\t\t\t<a class=\"elementor-button elementor-button-link elementor-size-sm\" href=\"https:\/\/comparativeliterature.bscc.duth.gr\/en\/%ce%bd%ce%ad%ce%b1-%cf%80%cf%81%ce%bf%ce%ba%ce%ae%cf%81%cf%85%ce%be%ce%b7-%ce%ad%cf%84%ce%bf%cf%85%cf%82-2022-23\/\">\n\t\t\t\t\t\t<span class=\"elementor-button-content-wrapper\">\n\t\t\t\t\t\t\t\t\t<span class=\"elementor-button-text\">\u039d\u03ad\u03b1 \u03c0\u03c1\u03bf\u03ba\u03ae\u03c1\u03c5\u03be\u03b7 2022-23<\/span>\n\t\t\t\t\t<\/span>\n\t\t\t\t\t<\/a>\n\t\t\t\t<\/div>\n\t\t\t\t\t\t\t\t<\/div>\n\t\t\t\t<\/div>\n\t\t\t\t<div class=\"elementor-element elementor-element-874702e elementor-widget elementor-widget-heading\" data-id=\"874702e\" data-element_type=\"widget\" data-widget_type=\"heading.default\">\n\t\t\t\t<div class=\"elementor-widget-container\">\n\t\t\t\t\t<h4 class=\"elementor-heading-title elementor-size-default\">About the Program<\/h4>\t\t\t\t<\/div>\n\t\t\t\t<\/div>\n\t\t\t\t<div class=\"elementor-element elementor-element-0f9d438 elementor-widget elementor-widget-heading\" data-id=\"0f9d438\" data-element_type=\"widget\" data-widget_type=\"heading.default\">\n\t\t\t\t<div class=\"elementor-widget-container\">\n\t\t\t\t\t<h4 class=\"elementor-heading-title elementor-size-default\">Comparative Literary Studies \n(Black Sea Region)<\/h4>\t\t\t\t<\/div>\n\t\t\t\t<\/div>\n\t\t\t\t<div class=\"elementor-element elementor-element-b67e4e7 elementor-widget elementor-widget-text-editor\" data-id=\"b67e4e7\" data-element_type=\"widget\" data-widget_type=\"text-editor.default\">\n\t\t\t\t<div class=\"elementor-widget-container\">\n\t\t\t\t\t\t\t\t\t<p><span style=\"font-size: 10.5pt; font-family: 'Arial',sans-serif;\">The postgraduate program \"Comparative Literature in the Black Sea Region\" of the Department of Languages, Literature and Culture of the Black Sea Countries is part of the strategic planning of Democritus University of Thrace, is governed by scientific coherence and aims at the further development of philological education and scientific research. More specifically, the postgraduate program aims at the comparative, which is mainly supranational, study of the literature produced in the Black Sea Region, the strengthening of regional languages, such as those spoken in the Black Sea Region, the acquaintance with the peoples of this region and the development of good relations of mutual understanding and tolerance, the promotion of scientific knowledge and research, the training and specialization of young researchers  in the scientific field of comparative literature with emphasis on the Black Sea Region, as well as the strengthening and dissemination of comparative literature studies in Greece and abroad.<\/span><\/p>\t\t\t\t\t\t\t\t<\/div>\n\t\t\t\t<\/div>\n\t\t\t\t\t<\/div>\n\t\t<\/div>\n\t\t\t\t\t<\/div>\n\t\t<\/section>\n\t\t\t\t<\/div>","protected":false},"excerpt":{"rendered":"<p>\u0394\u03b9\u03b5\u03b8\u03bd\u03ad\u03c2 \u03b4\u03b9\u03b1\u03b4\u03b9\u03ba\u03c4\u03c5\u03b1\u03ba\u03cc \u03c3\u03c5\u03bd\u03ad\u03b4\u03c1\u03b9\u03bf &#8220;\u0395\u03c0\u03b9\u03b4\u03b7\u03bc\u03af\u03b1 \u03ba\u03b1\u03b9 \u039b\u03bf\u03b3\u03bf\u03c4\u03b5\u03c7\u03bd\u03af\u03b1 \u03c3\u03c4\u03b9\u03c2 \u03c7\u03ce\u03c1\u03b5\u03c2 \u03c4\u03bf\u03c5 \u0395\u03cd\u03be\u03b5\u03b9\u03bd\u03bf\u03c5 \u03a0\u03cc\u03bd\u03c4\u03bf\u03c5&#8221;, \u039a\u03bf\u03bc\u03bf\u03c4\u03b7\u03bd\u03ae, 14-15 \u039f\u03ba\u03c4\u03c9\u03b2\u03c1\u03af\u03bf\u03c5 2022 \u0394\u03b5\u03af\u03c4\u03b5 \u03c4\u03b9\u03c2 \u03c0\u03b5\u03c1\u03b9\u03bb\u03ae\u03c8\u03b5\u03b9\u03c2 \u03ba\u03b1\u03b9 \u03c4\u03bf \u03c0\u03c1\u03cc\u03b3\u03c1\u03b1\u03bc\u03bc\u03b1. \u0441\u0440\u0430\u0432\u043d\u0438\u0442\u0435\u043b\u044c\u043d\u0430\u044f \u043b\u0438\u0442\u0435\u0440\u0430\u0442\u0443\u0440\u0430Kar\u015f\u0131la\u015ft\u0131rmal\u0131 Edebiyat\u03a3\u03c5\u03b3\u03ba\u03c1\u03b9\u03c4\u03b9\u03ba\u03ae \u03a6\u03b9\u03bb\u03bf\u03bb\u03bf\u03b3\u03af\u03b1\u0441\u0440\u0430\u0432\u043d\u0438\u0442\u0435\u043b\u043d\u0430 \u043b\u0438\u0442\u0435\u0440\u0430\u0442\u0443\u0440\u0430Literatura Comparativa \u039d\u03ad\u03b1 \u03c0\u03c1\u03bf\u03ba\u03ae\u03c1\u03c5\u03be\u03b7 2022-23 \u03a3\u03ba\u03bf\u03c0\u03cc\u03c2 \u03c4\u03bf\u03c5 \u03a0\u03c1\u03bf\u03b3\u03c1\u03ac\u03bc\u03bc\u03b1\u03c4\u03bf\u03c2 &#8220;\u03a3\u03c5\u03b3\u03ba\u03c1\u03b9\u03c4\u03b9\u03ba\u03ae \u03a6\u03b9\u03bb\u03bf\u03bb\u03bf\u03b3\u03af\u03b1 \u03c3\u03c4\u03bf\u03bd \u03a0\u03b1\u03c1\u03b5\u03c5\u03be\u03b5\u03af\u03bd\u03b9\u03bf \u03a7\u03ce\u03c1\u03bf&#8221; \u03a4\u03bf \u03a0\u03c1\u03cc\u03b3\u03c1\u03b1\u03bc\u03bc\u03b1 \u039c\u03b5\u03c4\u03b1\u03c0\u03c4\u03c5\u03c7\u03b9\u03b1\u03ba\u03ce\u03bd \u03a3\u03c0\u03bf\u03c5\u03b4\u03ce\u03bd \u00ab\u03a3\u03c5\u03b3\u03ba\u03c1\u03b9\u03c4\u03b9\u03ba\u03ae \u03a6\u03b9\u03bb\u03bf\u03bb\u03bf\u03b3\u03af\u03b1 \u03c3\u03c4\u03bf\u03bd \u03a0\u03b1\u03c1\u03b5\u03c5\u03be\u03b5\u03af\u03bd\u03b9\u03bf \u03a7\u03ce\u03c1\u03bf\u00bb \u03c4\u03bf\u03c5 \u03a4\u03bc\u03ae\u03bc\u03b1\u03c4\u03bf\u03c2 \u0393\u03bb\u03ce\u03c3\u03c3\u03b1\u03c2, \u03a6\u03b9\u03bb\u03bf\u03bb\u03bf\u03b3\u03af\u03b1\u03c2 \u03ba\u03b1\u03b9 \u03a0\u03bf\u03bb\u03b9\u03c4\u03b9\u03c3\u03bc\u03bf\u03cd \u03a0\u03b1\u03c1\u03b5\u03c5\u03be\u03b5\u03b9\u03bd\u03af\u03c9\u03bd \u03a7\u03c9\u03c1\u03ce\u03bd [&hellip;]<\/p>","protected":false},"author":16,"featured_media":0,"parent":0,"menu_order":0,"comment_status":"closed","ping_status":"closed","template":"","meta":{"site-sidebar-layout":"no-sidebar","site-content-layout":"page-builder","ast-site-content-layout":"default","site-content-style":"default","site-sidebar-style":"default","ast-global-header-display":"","ast-banner-title-visibility":"","ast-main-header-display":"","ast-hfb-above-header-display":"","ast-hfb-below-header-display":"","ast-hfb-mobile-header-display":"","site-post-title":"disabled","ast-breadcrumbs-content":"","ast-featured-img":"disabled","footer-sml-layout":"","ast-disable-related-posts":"","theme-transparent-header-meta":"default","adv-header-id-meta":"","stick-header-meta":"","header-above-stick-meta":"","header-main-stick-meta":"","header-below-stick-meta":"","astra-migrate-meta-layouts":"default","ast-page-background-enabled":"default","ast-page-background-meta":{"desktop":{"background-color":"","background-image":"","background-repeat":"repeat","background-position":"center center","background-size":"auto","background-attachment":"scroll","background-type":"","background-media":"","overlay-type":"","overlay-color":"","overlay-opacity":"","overlay-gradient":""},"tablet":{"background-color":"","background-image":"","background-repeat":"repeat","background-position":"center center","background-size":"auto","background-attachment":"scroll","background-type":"","background-media":"","overlay-type":"","overlay-color":"","overlay-opacity":"","overlay-gradient":""},"mobile":{"background-color":"","background-image":"","background-repeat":"repeat","background-position":"center center","background-size":"auto","background-attachment":"scroll","background-type":"","background-media":"","overlay-type":"","overlay-color":"","overlay-opacity":"","overlay-gradient":""}},"ast-content-background-meta":{"desktop":{"background-color":"var(--ast-global-color-5)","background-image":"","background-repeat":"repeat","background-position":"center center","background-size":"auto","background-attachment":"scroll","background-type":"","background-media":"","overlay-type":"","overlay-color":"","overlay-opacity":"","overlay-gradient":""},"tablet":{"background-color":"var(--ast-global-color-5)","background-image":"","background-repeat":"repeat","background-position":"center center","background-size":"auto","background-attachment":"scroll","background-type":"","background-media":"","overlay-type":"","overlay-color":"","overlay-opacity":"","overlay-gradient":""},"mobile":{"background-color":"var(--ast-global-color-5)","background-image":"","background-repeat":"repeat","background-position":"center center","background-size":"auto","background-attachment":"scroll","background-type":"","background-media":"","overlay-type":"","overlay-color":"","overlay-opacity":"","overlay-gradient":""}},"footnotes":""},"_links":{"self":[{"href":"https:\/\/comparativeliterature.bscc.duth.gr\/en\/wp-json\/wp\/v2\/pages\/60"}],"collection":[{"href":"https:\/\/comparativeliterature.bscc.duth.gr\/en\/wp-json\/wp\/v2\/pages"}],"about":[{"href":"https:\/\/comparativeliterature.bscc.duth.gr\/en\/wp-json\/wp\/v2\/types\/page"}],"author":[{"embeddable":true,"href":"https:\/\/comparativeliterature.bscc.duth.gr\/en\/wp-json\/wp\/v2\/users\/16"}],"replies":[{"embeddable":true,"href":"https:\/\/comparativeliterature.bscc.duth.gr\/en\/wp-json\/wp\/v2\/comments?post=60"}],"version-history":[{"count":228,"href":"https:\/\/comparativeliterature.bscc.duth.gr\/en\/wp-json\/wp\/v2\/pages\/60\/revisions"}],"predecessor-version":[{"id":648,"href":"https:\/\/comparativeliterature.bscc.duth.gr\/en\/wp-json\/wp\/v2\/pages\/60\/revisions\/648"}],"wp:attachment":[{"href":"https:\/\/comparativeliterature.bscc.duth.gr\/en\/wp-json\/wp\/v2\/media?parent=60"}],"curies":[{"name":"wp","href":"https:\/\/api.w.org\/{rel}","templated":true}]}}